{"id":12,"date":"2025-09-22T09:37:20","date_gmt":"2025-09-22T09:37:20","guid":{"rendered":"https:\/\/stage.aldasta.lt\/?page_id=12"},"modified":"2025-10-03T08:43:48","modified_gmt":"2025-10-03T08:43:48","slug":"kontaktai","status":"publish","type":"page","link":"https:\/\/aldasta.lt\/?page_id=12","title":{"rendered":"Kontaktai"},"content":{"rendered":"\n<div id=\"wp-block-themeisle-blocks-advanced-columns-a0d2b012\" class=\"wp-block-themeisle-blocks-advanced-columns has-2-columns has-desktop-equal-layout has-tablet-equal-layout has-mobile-collapsedRows-layout has-vertical-unset\"><div class=\"wp-block-themeisle-blocks-advanced-columns-overlay\"><\/div><div class=\"innerblocks-wrap\">\n<div id=\"wp-block-themeisle-blocks-advanced-column-cfa03119\" class=\"wp-block-themeisle-blocks-advanced-column\">\n<div id=\"wp-block-themeisle-blocks-advanced-columns-40db0924\" class=\"wp-block-themeisle-blocks-advanced-columns alignfull has-1-columns has-desktop-equal-layout has-tablet-equal-layout has-mobile-collapsedRows-layout has-vertical-top ticss-c00aadba\"><div class=\"wp-block-themeisle-blocks-advanced-columns-overlay\"><\/div><div class=\"innerblocks-wrap\">\n<div id=\"wp-block-themeisle-blocks-advanced-column-006aede9\" class=\"wp-block-themeisle-blocks-advanced-column\">\n<h2 id=\"wp-block-themeisle-blocks-advanced-heading-8e35b90f\" class=\"wp-block-themeisle-blocks-advanced-heading wp-block-themeisle-blocks-advanced-heading-8e35b90f\">Kontaktai<\/h2>\n\n\n\n<h3 id=\"wp-block-themeisle-blocks-advanced-heading-6284a944\" class=\"wp-block-themeisle-blocks-advanced-heading wp-block-themeisle-blocks-advanced-heading-6284a944\"><strong>Registravimo adresas:<\/strong><\/h3>\n\n\n\n<div id=\"wp-block-themeisle-blocks-icon-list-16246cc4\" class=\"wp-block-themeisle-blocks-icon-list\">\n<div id=\"wp-block-themeisle-blocks-icon-list-item-2551fa77\" class=\"wp-block-themeisle-blocks-icon-list-item\"><i class=\"fas fa-map-marker-alt wp-block-themeisle-blocks-icon-list-item-icon\"><\/i><p class=\"wp-block-themeisle-blocks-icon-list-item-content\">Treniotos 36, Garg\u017edai<\/p><\/div>\n<\/div>\n\n\n\n<h3 id=\"wp-block-themeisle-blocks-advanced-heading-a3bcbfec\" class=\"wp-block-themeisle-blocks-advanced-heading wp-block-themeisle-blocks-advanced-heading-a3bcbfec\"><strong><strong>Buvein\u0117s adresas:<\/strong><\/strong><\/h3>\n\n\n\n<div id=\"wp-block-themeisle-blocks-icon-list-dfc1fb3a\" class=\"wp-block-themeisle-blocks-icon-list\">\n<div id=\"wp-block-themeisle-blocks-icon-list-item-e6a57e87\" class=\"wp-block-themeisle-blocks-icon-list-item\"><i class=\"fas fa-phone wp-block-themeisle-blocks-icon-list-item-icon\"><\/i><p class=\"wp-block-themeisle-blocks-icon-list-item-content\">+370 46 344 928<\/p><\/div>\n\n\n\n<div id=\"wp-block-themeisle-blocks-icon-list-item-acfafad8\" class=\"wp-block-themeisle-blocks-icon-list-item\"><i class=\"fas fa-fax wp-block-themeisle-blocks-icon-list-item-icon\"><\/i><p class=\"wp-block-themeisle-blocks-icon-list-item-content\">+370 46 344 873<\/p><\/div>\n\n\n\n<div id=\"wp-block-themeisle-blocks-icon-list-item-648b3a6e\" class=\"wp-block-themeisle-blocks-icon-list-item\"><i class=\"far fa-envelope wp-block-themeisle-blocks-icon-list-item-icon\"><\/i><p class=\"wp-block-themeisle-blocks-icon-list-item-content\">info@aldasta.lt<\/p><\/div>\n\n\n\n<div id=\"wp-block-themeisle-blocks-icon-list-item-d4eec3f8\" class=\"wp-block-themeisle-blocks-icon-list-item\"><i class=\"fas fa-map-marker-alt wp-block-themeisle-blocks-icon-list-item-icon\"><\/i><p class=\"wp-block-themeisle-blocks-icon-list-item-content\">\u0160ilut\u0117s pl. 107, 95112 Klaip\u0117da<\/p><\/div>\n<\/div>\n\n\n\n<div style=\"height:20px\" aria-hidden=\"true\" class=\"wp-block-spacer\"><\/div>\n\n\n\n<h5 id=\"wp-block-themeisle-blocks-advanced-heading-0424c856\" class=\"wp-block-themeisle-blocks-advanced-heading wp-block-themeisle-blocks-advanced-heading-0424c856\"><strong><strong><strong>\u012emon\u0117s kodas:&nbsp;<\/strong>163702014<\/strong><\/strong><\/h5>\n\n\n\n<h5 id=\"wp-block-themeisle-blocks-advanced-heading-4510c831\" class=\"wp-block-themeisle-blocks-advanced-heading wp-block-themeisle-blocks-advanced-heading-4510c831\"><strong><strong><strong><strong>PVM kodas:&nbsp;<\/strong>LT637020113<\/strong><\/strong><\/strong><\/h5>\n\n\n\n<h5 id=\"wp-block-themeisle-blocks-advanced-heading-38ac97da\" class=\"wp-block-themeisle-blocks-advanced-heading wp-block-themeisle-blocks-advanced-heading-38ac97da\"><strong><strong><strong><strong><strong>Direktorius:<\/strong><\/strong><\/strong><\/strong><\/strong> Algimantas Daug\u0117la<\/h5>\n\n\n\n<h5 id=\"wp-block-themeisle-blocks-advanced-heading-85704ec0\" class=\"wp-block-themeisle-blocks-advanced-heading wp-block-themeisle-blocks-advanced-heading-85704ec0\"><strong>Telefonas:&nbsp;<\/strong>+370 698 71849<\/h5>\n<\/div>\n<\/div><\/div>\n<\/div>\n\n\n\n<div id=\"wp-block-themeisle-blocks-advanced-column-ed4457da\" class=\"wp-block-themeisle-blocks-advanced-column\">\n\n<\/div>\n<\/div><\/div>\n","protected":false},"excerpt":{"rendered":"","protected":false},"author":2,"featured_media":0,"parent":0,"menu_order":0,"comment_status":"closed","ping_status":"closed","template":"","meta":{"saved_in_kubio":true,"_themeisle_gutenberg_block_has_review":false,"footnotes":""},"class_list":["post-12","page","type-page","status-publish","hentry"],"kubio_ai_page_context":{"short_desc":"","purpose":"general"},"_links":{"self":[{"href":"https:\/\/aldasta.lt\/index.php?rest_route=\/wp\/v2\/pages\/12","targetHints":{"allow":["GET"]}}],"collection":[{"href":"https:\/\/aldasta.lt\/index.php?rest_route=\/wp\/v2\/pages"}],"about":[{"href":"https:\/\/aldasta.lt\/index.php?rest_route=\/wp\/v2\/types\/page"}],"author":[{"embeddable":true,"href":"https:\/\/aldasta.lt\/index.php?rest_route=\/wp\/v2\/users\/2"}],"replies":[{"embeddable":true,"href":"https:\/\/aldasta.lt\/index.php?rest_route=%2Fwp%2Fv2%2Fcomments&post=12"}],"version-history":[{"count":12,"href":"https:\/\/aldasta.lt\/index.php?rest_route=\/wp\/v2\/pages\/12\/revisions"}],"predecessor-version":[{"id":309,"href":"https:\/\/aldasta.lt\/index.php?rest_route=\/wp\/v2\/pages\/12\/revisions\/309"}],"wp:attachment":[{"href":"https:\/\/aldasta.lt\/index.php?rest_route=%2Fwp%2Fv2%2Fmedia&parent=12"}],"curies":[{"name":"wp","href":"https:\/\/api.w.org\/{rel}","templated":true}]}}